{"id":1062,"date":"2026-03-09T11:43:23","date_gmt":"2026-03-09T11:43:23","guid":{"rendered":"https:\/\/cedric-u.com\/?page_id=1062"},"modified":"2026-03-15T23:07:50","modified_gmt":"2026-03-15T23:07:50","slug":"cad","status":"publish","type":"page","link":"https:\/\/cedric-u.com\/index.php\/prestations\/cad\/","title":{"rendered":"CAD"},"content":{"rendered":"\n<div class=\"wp-block-cover has-custom-content-position is-position-center-left\" style=\"border-top-left-radius:32px;border-top-right-radius:32px;border-bottom-left-radius:32px;border-bottom-right-radius:32px;min-height:218px;aspect-ratio:unset;\"><img loading=\"lazy\" decoding=\"async\" width=\"2560\" height=\"1440\" class=\"wp-block-cover__image-background wp-image-1112 size-full\" alt=\"\" src=\"http:\/\/cedric-u.com\/wp-content\/uploads\/2026\/03\/te-image_5-scaled.jpg\" style=\"object-position:50% 51%\" data-object-fit=\"cover\" data-object-position=\"50% 51%\" srcset=\"https:\/\/cedric-u.com\/wp-content\/uploads\/2026\/03\/te-image_5-scaled.jpg 2560w, https:\/\/cedric-u.com\/wp-content\/uploads\/2026\/03\/te-image_5-300x169.jpg 300w, https:\/\/cedric-u.com\/wp-content\/uploads\/2026\/03\/te-image_5-1024x576.jpg 1024w, https:\/\/cedric-u.com\/wp-content\/uploads\/2026\/03\/te-image_5-768x432.jpg 768w, https:\/\/cedric-u.com\/wp-content\/uploads\/2026\/03\/te-image_5-1536x864.jpg 1536w, https:\/\/cedric-u.com\/wp-content\/uploads\/2026\/03\/te-image_5-2048x1152.jpg 2048w\" sizes=\"auto, (max-width: 2560px) 100vw, 2560px\" \/><span aria-hidden=\"true\" class=\"wp-block-cover__background has-background-dim-0 has-background-dim\" style=\"background-color:#2e2e31\"><\/span><div class=\"wp-block-cover__inner-container is-layout-constrained wp-block-cover-is-layout-constrained\">\n<p class=\"has-text-align-center has-color-8-color has-text-color has-link-color wp-elements-f084f55ff7777730014ca5d7487f5862\" style=\"font-size:93px;font-style:normal;font-weight:800\"><strong>CAD<\/strong><\/p>\n<\/div><\/div>\n\n\n\n<div class=\"wp-block-columns is-layout-flex wp-container-core-columns-is-layout-28f84493 wp-block-columns-is-layout-flex\">\n<div class=\"wp-block-column is-layout-flow wp-block-column-is-layout-flow\" style=\"flex-basis:33.33%\">\n<h2 class=\"wp-block-heading has-text-align-center\" style=\"font-size:65px;font-style:normal;font-weight:100\">De la CAO \u00e0 L&rsquo;image<\/h2>\n<\/div>\n\n\n\n<div class=\"wp-block-column is-vertically-aligned-center is-layout-flow wp-block-column-is-layout-flow\" style=\"flex-basis:66.66%\">\n<p>Les plus gros acteurs des march\u00e9s de l\u2019automobile, du luxe, de l&rsquo;immobilier, du m\u00e9dical et de beaucoup d\u2019autres secteurs, ont plac\u00e9 la conception 3D au coeur des cr\u00e9ations de leurs entreprises. Servant au d\u00e9part \u00e0 la conception et la fabrication d\u2019un produit, le m\u00eame fichier 3D est maintenant utilis\u00e9 pour la r\u00e9alisation de publicit\u00e9s photographiques r\u00e9alistes.<\/p>\n<\/div>\n<\/div>\n\n\n\n<figure class=\"wp-block-image aligncenter size-full\"><img loading=\"lazy\" decoding=\"async\" width=\"1125\" height=\"341\" src=\"https:\/\/cedric-u.com\/wp-content\/uploads\/2026\/03\/2026-03-12-_17.45.48.jpg\" alt=\"\" class=\"wp-image-1119\" srcset=\"https:\/\/cedric-u.com\/wp-content\/uploads\/2026\/03\/2026-03-12-_17.45.48.jpg 1125w, https:\/\/cedric-u.com\/wp-content\/uploads\/2026\/03\/2026-03-12-_17.45.48-300x91.jpg 300w, https:\/\/cedric-u.com\/wp-content\/uploads\/2026\/03\/2026-03-12-_17.45.48-1024x310.jpg 1024w, https:\/\/cedric-u.com\/wp-content\/uploads\/2026\/03\/2026-03-12-_17.45.48-768x233.jpg 768w\" sizes=\"auto, (max-width: 1125px) 100vw, 1125px\" \/><\/figure>\n\n\n\n<div class=\"wp-block-columns is-layout-flex wp-container-core-columns-is-layout-28f84493 wp-block-columns-is-layout-flex\">\n<div class=\"wp-block-column is-layout-flow wp-block-column-is-layout-flow\">\n<div class=\"wp-block-cover has-custom-content-position is-position-top-center\"><img loading=\"lazy\" decoding=\"async\" width=\"1024\" height=\"576\" class=\"wp-block-cover__image-background wp-image-1105 size-large\" alt=\"\" src=\"http:\/\/cedric-u.com\/wp-content\/uploads\/2026\/03\/te-image_1-1024x576.jpg\" style=\"object-position:57% 84%\" data-object-fit=\"cover\" data-object-position=\"57% 84%\" srcset=\"https:\/\/cedric-u.com\/wp-content\/uploads\/2026\/03\/te-image_1-1024x576.jpg 1024w, https:\/\/cedric-u.com\/wp-content\/uploads\/2026\/03\/te-image_1-300x169.jpg 300w, https:\/\/cedric-u.com\/wp-content\/uploads\/2026\/03\/te-image_1-768x432.jpg 768w, https:\/\/cedric-u.com\/wp-content\/uploads\/2026\/03\/te-image_1-1536x864.jpg 1536w, https:\/\/cedric-u.com\/wp-content\/uploads\/2026\/03\/te-image_1-2048x1152.jpg 2048w\" sizes=\"auto, (max-width: 1024px) 100vw, 1024px\" \/><span aria-hidden=\"true\" class=\"wp-block-cover__background has-background-dim-0 has-background-dim\" style=\"background-color:#4f5360\"><\/span><div class=\"wp-block-cover__inner-container is-layout-constrained wp-block-cover-is-layout-constrained\">\n<p class=\"has-text-align-left\" style=\"font-size:42px\">Les avantages de la 3D &#8230;<\/p>\n<\/div><\/div>\n<\/div>\n\n\n\n<div class=\"wp-block-column is-layout-flow wp-block-column-is-layout-flow\">\n<p>De la&nbsp;<strong>CAO \u00e0 l\u2019image photor\u00e9aliste<\/strong>, la CGI permet de visualiser un produit avec un niveau de r\u00e9alisme exceptionnel avant m\u00eame sa fabrication. Nous repoussons les limites de la 3D pour cr\u00e9er des&nbsp;<strong>packshots enti\u00e8rement personnalisables<\/strong>, offrant une grande libert\u00e9 cr\u00e9ative.<\/p>\n\n\n\n<p style=\"font-size:26px\"><strong>Avantages cl\u00e9s :<\/strong><\/p>\n\n\n\n<ul class=\"wp-block-list\">\n<li><strong>Qualit\u00e9 hyperr\u00e9aliste<\/strong>&nbsp;: images, vid\u00e9os et compositions hybrides d\u2019une grande pr\u00e9cision.<\/li>\n\n\n\n<li><strong>Cr\u00e9ativit\u00e9 sans limite<\/strong>&nbsp;: suppression des contraintes de production et workflows plus rapides.<\/li>\n\n\n\n<li><strong>Harmonisation des visuels<\/strong>&nbsp;: angles, lumi\u00e8res et mises en sc\u00e8ne parfaitement coh\u00e9rents.<\/li>\n\n\n\n<li><strong>Prototypage<\/strong>&nbsp;: visualiser et tester un produit avant sa fabrication.<\/li>\n<\/ul>\n<\/div>\n<\/div>\n\n\n\n<h2 class=\"wp-block-heading\" style=\"font-size:59px\">Processus de Pr\u00e9paration<\/h2>\n\n\n\n<p>Notre mission consiste \u00e0 transformer des fichiers CAD en packshots photor\u00e9alistes, avec des environnements studio parfaitement contr\u00f4l\u00e9s. Les mod\u00e8les 3D sont int\u00e9gr\u00e9s avec pr\u00e9cision afin de restituer chaque d\u00e9tail du produit avec un r\u00e9alisme optimal.<\/p>\n\n\n\n<p><strong><em>Nous avons identifi\u00e9 4 phases cl\u00e9s pour \u00e9tablir une base solide avant et pendant la production.<\/em><\/strong><\/p>\n\n\n\n<figure class=\"wp-block-image alignwide size-large\"><img loading=\"lazy\" decoding=\"async\" width=\"1024\" height=\"282\" src=\"https:\/\/cedric-u.com\/wp-content\/uploads\/2026\/03\/phrise-1024x282.jpg\" alt=\"\" class=\"wp-image-1126\" srcset=\"https:\/\/cedric-u.com\/wp-content\/uploads\/2026\/03\/phrise-1024x282.jpg 1024w, https:\/\/cedric-u.com\/wp-content\/uploads\/2026\/03\/phrise-300x83.jpg 300w, https:\/\/cedric-u.com\/wp-content\/uploads\/2026\/03\/phrise-768x212.jpg 768w, https:\/\/cedric-u.com\/wp-content\/uploads\/2026\/03\/phrise-1536x423.jpg 1536w, https:\/\/cedric-u.com\/wp-content\/uploads\/2026\/03\/phrise-2048x564.jpg 2048w\" sizes=\"auto, (max-width: 1024px) 100vw, 1024px\" \/><\/figure>\n\n\n\n<div class=\"wp-block-cover has-custom-content-position is-position-bottom-left\" style=\"border-top-left-radius:20px;border-top-right-radius:20px;border-bottom-left-radius:20px;border-bottom-right-radius:20px;min-height:275px;aspect-ratio:unset;\"><img loading=\"lazy\" decoding=\"async\" width=\"1024\" height=\"576\" class=\"wp-block-cover__image-background wp-image-1108 size-large\" alt=\"\" src=\"http:\/\/cedric-u.com\/wp-content\/uploads\/2026\/03\/te-image_3-1024x576.jpg\" style=\"object-position:48% 39%\" data-object-fit=\"cover\" data-object-position=\"48% 39%\" srcset=\"https:\/\/cedric-u.com\/wp-content\/uploads\/2026\/03\/te-image_3-1024x576.jpg 1024w, https:\/\/cedric-u.com\/wp-content\/uploads\/2026\/03\/te-image_3-300x169.jpg 300w, https:\/\/cedric-u.com\/wp-content\/uploads\/2026\/03\/te-image_3-768x432.jpg 768w, https:\/\/cedric-u.com\/wp-content\/uploads\/2026\/03\/te-image_3-1536x864.jpg 1536w, https:\/\/cedric-u.com\/wp-content\/uploads\/2026\/03\/te-image_3-2048x1152.jpg 2048w\" sizes=\"auto, (max-width: 1024px) 100vw, 1024px\" \/><span aria-hidden=\"true\" class=\"wp-block-cover__background has-background-dim-0 has-background-dim\" style=\"background-color:#262737\"><\/span><div class=\"wp-block-cover__inner-container is-layout-constrained wp-block-cover-is-layout-constrained\">\n<p class=\"has-text-align-left has-medium-font-size\"><em><strong>Rendu 3D \/ Hero shot<\/strong><\/em><\/p>\n<\/div><\/div>\n\n\n\n<div class=\"wp-block-columns is-layout-flex wp-container-core-columns-is-layout-28f84493 wp-block-columns-is-layout-flex\">\n<div class=\"wp-block-column is-layout-flow wp-block-column-is-layout-flow\">\n<div class=\"wp-block-cover has-custom-content-position is-position-bottom-left\" style=\"border-top-left-radius:20px;border-top-right-radius:20px;border-bottom-left-radius:20px;border-bottom-right-radius:20px;min-height:373px;aspect-ratio:unset;\"><img loading=\"lazy\" decoding=\"async\" width=\"1024\" height=\"576\" class=\"wp-block-cover__image-background wp-image-1110 size-large\" alt=\"\" src=\"http:\/\/cedric-u.com\/wp-content\/uploads\/2026\/03\/te-image_4-1024x576.jpg\" data-object-fit=\"cover\" srcset=\"https:\/\/cedric-u.com\/wp-content\/uploads\/2026\/03\/te-image_4-1024x576.jpg 1024w, https:\/\/cedric-u.com\/wp-content\/uploads\/2026\/03\/te-image_4-300x169.jpg 300w, https:\/\/cedric-u.com\/wp-content\/uploads\/2026\/03\/te-image_4-768x432.jpg 768w, https:\/\/cedric-u.com\/wp-content\/uploads\/2026\/03\/te-image_4-1536x864.jpg 1536w, https:\/\/cedric-u.com\/wp-content\/uploads\/2026\/03\/te-image_4-2048x1152.jpg 2048w\" sizes=\"auto, (max-width: 1024px) 100vw, 1024px\" \/><span aria-hidden=\"true\" class=\"wp-block-cover__background has-background-dim-0 has-background-dim\" style=\"background-color:#303137\"><\/span><div class=\"wp-block-cover__inner-container is-layout-constrained wp-block-cover-is-layout-constrained\">\n<p class=\"has-text-align-left has-medium-font-size\"><em><strong>Rendu 3D \/ Hero shot<\/strong><\/em><\/p>\n<\/div><\/div>\n<\/div>\n\n\n\n<div class=\"wp-block-column is-layout-flow wp-block-column-is-layout-flow\">\n<div class=\"wp-block-cover has-custom-content-position is-position-bottom-left\" style=\"border-top-left-radius:20px;border-top-right-radius:20px;border-bottom-left-radius:20px;border-bottom-right-radius:20px;min-height:375px;aspect-ratio:unset;\"><img loading=\"lazy\" decoding=\"async\" width=\"1024\" height=\"576\" class=\"wp-block-cover__image-background wp-image-1105 size-large\" alt=\"\" src=\"http:\/\/cedric-u.com\/wp-content\/uploads\/2026\/03\/te-image_1-1024x576.jpg\" data-object-fit=\"cover\" srcset=\"https:\/\/cedric-u.com\/wp-content\/uploads\/2026\/03\/te-image_1-1024x576.jpg 1024w, https:\/\/cedric-u.com\/wp-content\/uploads\/2026\/03\/te-image_1-300x169.jpg 300w, https:\/\/cedric-u.com\/wp-content\/uploads\/2026\/03\/te-image_1-768x432.jpg 768w, https:\/\/cedric-u.com\/wp-content\/uploads\/2026\/03\/te-image_1-1536x864.jpg 1536w, https:\/\/cedric-u.com\/wp-content\/uploads\/2026\/03\/te-image_1-2048x1152.jpg 2048w\" sizes=\"auto, (max-width: 1024px) 100vw, 1024px\" \/><span aria-hidden=\"true\" class=\"wp-block-cover__background has-background-dim-0 has-background-dim\" style=\"background-color:#4f5360\"><\/span><div class=\"wp-block-cover__inner-container is-layout-constrained wp-block-cover-is-layout-constrained\">\n<p class=\"has-text-align-left has-medium-font-size\"><em><strong>Rendu 3D \/ Hero shot<\/strong><\/em><\/p>\n<\/div><\/div>\n<\/div>\n<\/div>\n\n\n\n<div class=\"wp-block-cover has-custom-content-position is-position-bottom-left\" style=\"border-top-left-radius:20px;border-top-right-radius:20px;border-bottom-left-radius:20px;border-bottom-right-radius:20px;min-height:354px;aspect-ratio:unset;\"><img loading=\"lazy\" decoding=\"async\" width=\"1024\" height=\"576\" class=\"wp-block-cover__image-background wp-image-1106 size-large\" alt=\"\" src=\"http:\/\/cedric-u.com\/wp-content\/uploads\/2026\/03\/te-image_2-1024x576.jpg\" style=\"object-position:46% 37%\" data-object-fit=\"cover\" data-object-position=\"46% 37%\" srcset=\"https:\/\/cedric-u.com\/wp-content\/uploads\/2026\/03\/te-image_2-1024x576.jpg 1024w, https:\/\/cedric-u.com\/wp-content\/uploads\/2026\/03\/te-image_2-300x169.jpg 300w, https:\/\/cedric-u.com\/wp-content\/uploads\/2026\/03\/te-image_2-768x432.jpg 768w, https:\/\/cedric-u.com\/wp-content\/uploads\/2026\/03\/te-image_2-1536x864.jpg 1536w, https:\/\/cedric-u.com\/wp-content\/uploads\/2026\/03\/te-image_2-2048x1152.jpg 2048w\" sizes=\"auto, (max-width: 1024px) 100vw, 1024px\" \/><span aria-hidden=\"true\" class=\"wp-block-cover__background has-background-dim-0 has-background-dim\" style=\"background-color:#677898\"><\/span><div class=\"wp-block-cover__inner-container is-layout-constrained wp-block-cover-is-layout-constrained\">\n<p class=\"has-text-align-left has-medium-font-size\"><em><strong>Rendu 3D \/ D\u00e9tail shot<\/strong><\/em><\/p>\n<\/div><\/div>\n\n\n\n<p class=\"has-text-align-center\"><strong><em>Et si vos mod\u00e8les CAD devenaient des images d\u2019une pr\u00e9cision photographique ?<\/em><\/strong><\/p>\n\n\n\n<p>Notre studio repousse les limites de la CGI pour transformer vos fichiers techniques en packshots photor\u00e9alistes.<\/p>\n\n\n\n<p>Chaque image est pens\u00e9e pour r\u00e9v\u00e9ler la mati\u00e8re, la lumi\u00e8re et les d\u00e9tails du produit, tout en offrant une flexibilit\u00e9 cr\u00e9ative totale.<\/p>\n\n\n\n<p>Ensemble, donnons vie \u00e0 vos produits avec un niveau de r\u00e9alisme et d\u2019exigence digne des plus grandes productions visuelles.<\/p>\n\n\n\n<div class=\"wp-block-cover has-custom-content-position is-position-bottom-left\" style=\"border-top-left-radius:20px;border-top-right-radius:20px;border-bottom-left-radius:20px;border-bottom-right-radius:20px;min-height:354px;aspect-ratio:unset;\"><img loading=\"lazy\" decoding=\"async\" width=\"1024\" height=\"576\" class=\"wp-block-cover__image-background wp-image-1112 size-large\" alt=\"\" src=\"http:\/\/cedric-u.com\/wp-content\/uploads\/2026\/03\/te-image_5-1024x576.jpg\" data-object-fit=\"cover\" srcset=\"https:\/\/cedric-u.com\/wp-content\/uploads\/2026\/03\/te-image_5-1024x576.jpg 1024w, https:\/\/cedric-u.com\/wp-content\/uploads\/2026\/03\/te-image_5-300x169.jpg 300w, https:\/\/cedric-u.com\/wp-content\/uploads\/2026\/03\/te-image_5-768x432.jpg 768w, https:\/\/cedric-u.com\/wp-content\/uploads\/2026\/03\/te-image_5-1536x864.jpg 1536w, https:\/\/cedric-u.com\/wp-content\/uploads\/2026\/03\/te-image_5-2048x1152.jpg 2048w\" sizes=\"auto, (max-width: 1024px) 100vw, 1024px\" \/><span aria-hidden=\"true\" class=\"wp-block-cover__background has-background-dim-0 has-background-dim\" style=\"background-color:#2e2e31\"><\/span><div class=\"wp-block-cover__inner-container is-layout-constrained wp-block-cover-is-layout-constrained\">\n<p class=\"has-text-align-left has-medium-font-size\"><em><strong>Rendu 3D \/ Hero shot<\/strong><\/em><\/p>\n<\/div><\/div>\n\n\n\n<figure class=\"wp-block-embed aligncenter is-type-video is-provider-vimeo wp-block-embed-vimeo wp-embed-aspect-16-9 wp-has-aspect-ratio\"><div class=\"wp-block-embed__wrapper\">\n<iframe loading=\"lazy\" title=\"CAO-film\" src=\"https:\/\/player.vimeo.com\/video\/1173283993?dnt=1&amp;app_id=122963\" width=\"500\" height=\"281\" frameborder=\"0\" allow=\"autoplay; fullscreen; picture-in-picture; clipboard-write; encrypted-media; web-share\" referrerpolicy=\"strict-origin-when-cross-origin\"><\/iframe>\n<\/div><\/figure>\n\n\n\n<div class=\"wp-block-cover is-light has-custom-content-position is-position-top-left\" style=\"border-top-left-radius:20px;border-top-right-radius:20px;border-bottom-left-radius:20px;border-bottom-right-radius:20px;min-height:602px;aspect-ratio:unset;\"><img loading=\"lazy\" decoding=\"async\" width=\"1024\" height=\"662\" class=\"wp-block-cover__image-background wp-image-1136 size-large\" alt=\"\" src=\"https:\/\/cedric-u.com\/wp-content\/uploads\/2026\/03\/Moto-cross-studio-bl-web-1024x662.jpg\" data-object-fit=\"cover\" srcset=\"https:\/\/cedric-u.com\/wp-content\/uploads\/2026\/03\/Moto-cross-studio-bl-web-1024x662.jpg 1024w, https:\/\/cedric-u.com\/wp-content\/uploads\/2026\/03\/Moto-cross-studio-bl-web-300x194.jpg 300w, https:\/\/cedric-u.com\/wp-content\/uploads\/2026\/03\/Moto-cross-studio-bl-web-768x497.jpg 768w, https:\/\/cedric-u.com\/wp-content\/uploads\/2026\/03\/Moto-cross-studio-bl-web-1536x993.jpg 1536w, https:\/\/cedric-u.com\/wp-content\/uploads\/2026\/03\/Moto-cross-studio-bl-web-2048x1324.jpg 2048w\" sizes=\"auto, (max-width: 1024px) 100vw, 1024px\" \/><span aria-hidden=\"true\" class=\"wp-block-cover__background has-background-dim-0 has-background-dim\" style=\"background-color:#d6d7d6\"><\/span><div class=\"wp-block-cover__inner-container is-layout-constrained wp-block-cover-is-layout-constrained\">\n<p class=\"has-text-align-left has-medium-font-size\"><em><strong>Rendu 3D \/ Hero shot<\/strong><\/em><\/p>\n<\/div><\/div>\n\n\n\n<figure class=\"wp-block-video\"><video height=\"720\" style=\"aspect-ratio: 1000 \/ 720;\" width=\"1000\" autoplay controls loop muted src=\"http:\/\/cedric-u.com\/wp-content\/uploads\/2026\/02\/CAO.mp4\" playsinline><\/video><\/figure>\n\n\n\n<figure class=\"wp-block-image has-custom-border\"><img loading=\"lazy\" decoding=\"async\" width=\"1000\" height=\"720\" src=\"http:\/\/cedric-u.com\/wp-content\/uploads\/2026\/02\/r004-pack1-bd.jpg\" alt=\"\" class=\"wp-image-591\" style=\"border-top-left-radius:20px;border-top-right-radius:20px;border-bottom-left-radius:20px;border-bottom-right-radius:20px\" srcset=\"https:\/\/cedric-u.com\/wp-content\/uploads\/2026\/02\/r004-pack1-bd.jpg 1000w, https:\/\/cedric-u.com\/wp-content\/uploads\/2026\/02\/r004-pack1-bd-300x216.jpg 300w, https:\/\/cedric-u.com\/wp-content\/uploads\/2026\/02\/r004-pack1-bd-768x553.jpg 768w, https:\/\/cedric-u.com\/wp-content\/uploads\/2026\/02\/r004-pack1-bd-600x432.jpg 600w\" sizes=\"auto, (max-width: 1000px) 100vw, 1000px\" \/><\/figure>\n\n\n\n<figure class=\"wp-block-image\"><img loading=\"lazy\" decoding=\"async\" width=\"2000\" height=\"2000\" src=\"http:\/\/cedric-u.com\/wp-content\/uploads\/2026\/02\/BM.jpg\" alt=\"\" class=\"wp-image-551\" srcset=\"https:\/\/cedric-u.com\/wp-content\/uploads\/2026\/02\/BM.jpg 2000w, https:\/\/cedric-u.com\/wp-content\/uploads\/2026\/02\/BM-300x300.jpg 300w, https:\/\/cedric-u.com\/wp-content\/uploads\/2026\/02\/BM-1024x1024.jpg 1024w, https:\/\/cedric-u.com\/wp-content\/uploads\/2026\/02\/BM-150x150.jpg 150w, https:\/\/cedric-u.com\/wp-content\/uploads\/2026\/02\/BM-768x768.jpg 768w, https:\/\/cedric-u.com\/wp-content\/uploads\/2026\/02\/BM-1536x1536.jpg 1536w\" sizes=\"auto, (max-width: 2000px) 100vw, 2000px\" \/><\/figure>\n\n\n\n<div class=\"wp-block-columns is-layout-flex wp-container-core-columns-is-layout-28f84493 wp-block-columns-is-layout-flex\">\n<div class=\"wp-block-column is-layout-flow wp-block-column-is-layout-flow\">\n<figure class=\"wp-block-image\"><img loading=\"lazy\" decoding=\"async\" width=\"2000\" height=\"2000\" src=\"http:\/\/cedric-u.com\/wp-content\/uploads\/2026\/02\/EM.jpg\" alt=\"\" class=\"wp-image-555\" srcset=\"https:\/\/cedric-u.com\/wp-content\/uploads\/2026\/02\/EM.jpg 2000w, https:\/\/cedric-u.com\/wp-content\/uploads\/2026\/02\/EM-300x300.jpg 300w, https:\/\/cedric-u.com\/wp-content\/uploads\/2026\/02\/EM-1024x1024.jpg 1024w, https:\/\/cedric-u.com\/wp-content\/uploads\/2026\/02\/EM-150x150.jpg 150w, https:\/\/cedric-u.com\/wp-content\/uploads\/2026\/02\/EM-768x768.jpg 768w, https:\/\/cedric-u.com\/wp-content\/uploads\/2026\/02\/EM-1536x1536.jpg 1536w\" sizes=\"auto, (max-width: 2000px) 100vw, 2000px\" \/><\/figure>\n<\/div>\n\n\n\n<div class=\"wp-block-column is-layout-flow wp-block-column-is-layout-flow\">\n<figure class=\"wp-block-image\"><img loading=\"lazy\" decoding=\"async\" width=\"2000\" height=\"2000\" src=\"http:\/\/cedric-u.com\/wp-content\/uploads\/2026\/02\/eco.jpg\" alt=\"\" class=\"wp-image-553\" srcset=\"https:\/\/cedric-u.com\/wp-content\/uploads\/2026\/02\/eco.jpg 2000w, https:\/\/cedric-u.com\/wp-content\/uploads\/2026\/02\/eco-300x300.jpg 300w, https:\/\/cedric-u.com\/wp-content\/uploads\/2026\/02\/eco-1024x1024.jpg 1024w, https:\/\/cedric-u.com\/wp-content\/uploads\/2026\/02\/eco-150x150.jpg 150w, https:\/\/cedric-u.com\/wp-content\/uploads\/2026\/02\/eco-768x768.jpg 768w, https:\/\/cedric-u.com\/wp-content\/uploads\/2026\/02\/eco-1536x1536.jpg 1536w\" sizes=\"auto, (max-width: 2000px) 100vw, 2000px\" \/><\/figure>\n<\/div>\n<\/div>\n","protected":false},"excerpt":{"rendered":"<p>De la CAO \u00e0 L&rsquo;image Les plus gros acteurs des march\u00e9s de l\u2019automobile, du luxe, de l&rsquo;immobilier, du m\u00e9dical et de beaucoup d\u2019autres secteurs, ont plac\u00e9 la conception 3D au coeur des cr\u00e9ations de leurs entreprises. Servant au d\u00e9part \u00e0 la conception et la fabrication d\u2019un produit, le m\u00eame fichier 3D est maintenant utilis\u00e9 pour&hellip;<\/p>\n","protected":false},"author":2,"featured_media":0,"parent":1053,"menu_order":0,"comment_status":"closed","ping_status":"closed","template":"","meta":{"_acf_changed":false,"footnotes":""},"class_list":["post-1062","page","type-page","status-publish","hentry"],"acf":[],"_links":{"self":[{"href":"https:\/\/cedric-u.com\/index.php\/wp-json\/wp\/v2\/pages\/1062","targetHints":{"allow":["GET"]}}],"collection":[{"href":"https:\/\/cedric-u.com\/index.php\/wp-json\/wp\/v2\/pages"}],"about":[{"href":"https:\/\/cedric-u.com\/index.php\/wp-json\/wp\/v2\/types\/page"}],"author":[{"embeddable":true,"href":"https:\/\/cedric-u.com\/index.php\/wp-json\/wp\/v2\/users\/2"}],"replies":[{"embeddable":true,"href":"https:\/\/cedric-u.com\/index.php\/wp-json\/wp\/v2\/comments?post=1062"}],"version-history":[{"count":19,"href":"https:\/\/cedric-u.com\/index.php\/wp-json\/wp\/v2\/pages\/1062\/revisions"}],"predecessor-version":[{"id":1346,"href":"https:\/\/cedric-u.com\/index.php\/wp-json\/wp\/v2\/pages\/1062\/revisions\/1346"}],"up":[{"embeddable":true,"href":"https:\/\/cedric-u.com\/index.php\/wp-json\/wp\/v2\/pages\/1053"}],"wp:attachment":[{"href":"https:\/\/cedric-u.com\/index.php\/wp-json\/wp\/v2\/media?parent=1062"}],"curies":[{"name":"wp","href":"https:\/\/api.w.org\/{rel}","templated":true}]}}