{"id":1161,"date":"2026-03-14T09:49:06","date_gmt":"2026-03-14T09:49:06","guid":{"rendered":"https:\/\/cedric-u.com\/?page_id=1161"},"modified":"2026-03-16T14:28:36","modified_gmt":"2026-03-16T14:28:36","slug":"architecture-2","status":"publish","type":"page","link":"https:\/\/cedric-u.com\/index.php\/prestations\/architecture-2\/","title":{"rendered":"Architecture"},"content":{"rendered":"\n<div class=\"wp-block-cover has-custom-content-position is-position-center-left\" style=\"border-top-left-radius:32px;border-top-right-radius:32px;border-bottom-left-radius:32px;border-bottom-right-radius:32px;min-height:238px;aspect-ratio:unset;\"><img loading=\"lazy\" decoding=\"async\" width=\"2496\" height=\"1664\" class=\"wp-block-cover__image-background wp-image-1177 size-full\" alt=\"\" src=\"http:\/\/cedric-u.com\/wp-content\/uploads\/2026\/03\/brs8_bis.jpg\" style=\"object-position:46% 46%\" data-object-fit=\"cover\" data-object-position=\"46% 46%\" srcset=\"https:\/\/cedric-u.com\/wp-content\/uploads\/2026\/03\/brs8_bis.jpg 2496w, https:\/\/cedric-u.com\/wp-content\/uploads\/2026\/03\/brs8_bis-300x200.jpg 300w, https:\/\/cedric-u.com\/wp-content\/uploads\/2026\/03\/brs8_bis-1024x683.jpg 1024w, https:\/\/cedric-u.com\/wp-content\/uploads\/2026\/03\/brs8_bis-768x512.jpg 768w, https:\/\/cedric-u.com\/wp-content\/uploads\/2026\/03\/brs8_bis-1536x1024.jpg 1536w, https:\/\/cedric-u.com\/wp-content\/uploads\/2026\/03\/brs8_bis-2048x1365.jpg 2048w\" sizes=\"auto, (max-width: 2496px) 100vw, 2496px\" \/><span aria-hidden=\"true\" class=\"wp-block-cover__background has-background-dim-0 has-background-dim\" style=\"background-color:#724d3e\"><\/span><div class=\"wp-block-cover__inner-container is-layout-constrained wp-block-cover-is-layout-constrained\">\n<p class=\"has-text-align-center has-color-8-color has-text-color has-link-color wp-elements-1716f9c319543311bd00dd087f9b5d03\" style=\"font-size:83px;font-style:normal;font-weight:600\">Architecture<\/p>\n<\/div><\/div>\n\n\n\n<div class=\"wp-block-columns is-layout-flex wp-container-core-columns-is-layout-28f84493 wp-block-columns-is-layout-flex\">\n<div class=\"wp-block-column is-layout-flow wp-block-column-is-layout-flow\" style=\"flex-basis:33.33%\">\n<h2 class=\"wp-block-heading has-text-align-center\" style=\"font-size:65px;font-style:normal;font-weight:100\">Le regard architectural<\/h2>\n<\/div>\n\n\n\n<div class=\"wp-block-column is-vertically-aligned-center is-layout-flow wp-block-column-is-layout-flow\" style=\"flex-basis:66.66%\">\n<p>La photographie d\u2019architecture permet de r\u00e9v\u00e9ler un lieu, un b\u00e2timent ou un projet avec pr\u00e9cision et intention. \u00c0 travers la lumi\u00e8re, les lignes et les volumes, chaque image met en valeur l\u2019identit\u00e9 d\u2019un espace et son int\u00e9gration dans son environnement.<\/p>\n\n\n\n<p>Associ\u00e9 \u00e0 mon travail de photographe et d\u2019artiste 3D, ce regard permet \u00e9galement de combiner images r\u00e9elles et CGI afin d\u2019int\u00e9grer des projets futurs dans leur contexte r\u00e9el de mani\u00e8re cr\u00e9dible et photor\u00e9aliste.<\/p>\n\n\n\n<p>Cette approche est particuli\u00e8rement utile pour l\u2019architecture, l\u2019immobilier, l\u2019urbanisme ou la communication visuelle.<\/p>\n<\/div>\n<\/div>\n\n\n\n<div class=\"wp-block-cover is-light has-custom-content-position is-position-center-left\" style=\"border-top-left-radius:32px;border-top-right-radius:32px;border-bottom-left-radius:32px;border-bottom-right-radius:32px;min-height:218px;aspect-ratio:unset;\"><img loading=\"lazy\" decoding=\"async\" width=\"2496\" height=\"1664\" class=\"wp-block-cover__image-background wp-image-1172 size-full\" alt=\"\" src=\"http:\/\/cedric-u.com\/wp-content\/uploads\/2026\/03\/Arlington-005314.jpg\" style=\"object-position:48% 15%\" data-object-fit=\"cover\" data-object-position=\"48% 15%\" srcset=\"https:\/\/cedric-u.com\/wp-content\/uploads\/2026\/03\/Arlington-005314.jpg 2496w, https:\/\/cedric-u.com\/wp-content\/uploads\/2026\/03\/Arlington-005314-300x200.jpg 300w, https:\/\/cedric-u.com\/wp-content\/uploads\/2026\/03\/Arlington-005314-1024x683.jpg 1024w, https:\/\/cedric-u.com\/wp-content\/uploads\/2026\/03\/Arlington-005314-768x512.jpg 768w, https:\/\/cedric-u.com\/wp-content\/uploads\/2026\/03\/Arlington-005314-1536x1024.jpg 1536w, https:\/\/cedric-u.com\/wp-content\/uploads\/2026\/03\/Arlington-005314-2048x1365.jpg 2048w\" sizes=\"auto, (max-width: 2496px) 100vw, 2496px\" \/><span aria-hidden=\"true\" class=\"wp-block-cover__background has-background-dim-0 has-background-dim\" style=\"background-color:#a2ac9e\"><\/span><div class=\"wp-block-cover__inner-container is-layout-constrained wp-block-cover-is-layout-constrained\">\n<p class=\"has-text-align-center has-large-font-size\"><\/p>\n<\/div><\/div>\n\n\n\n<div class=\"wp-block-columns is-layout-flex wp-container-core-columns-is-layout-28f84493 wp-block-columns-is-layout-flex\">\n<div class=\"wp-block-column is-layout-flow wp-block-column-is-layout-flow\">\n<div class=\"wp-block-cover has-custom-content-position is-position-top-center\" style=\"min-height:290px;aspect-ratio:unset;\"><img loading=\"lazy\" decoding=\"async\" width=\"1024\" height=\"683\" class=\"wp-block-cover__image-background wp-image-1188 size-large\" alt=\"\" src=\"http:\/\/cedric-u.com\/wp-content\/uploads\/2026\/03\/HC7H7471-1024x683.jpg\" style=\"object-position:49% 49%\" data-object-fit=\"cover\" data-object-position=\"49% 49%\" srcset=\"https:\/\/cedric-u.com\/wp-content\/uploads\/2026\/03\/HC7H7471-1024x683.jpg 1024w, https:\/\/cedric-u.com\/wp-content\/uploads\/2026\/03\/HC7H7471-300x200.jpg 300w, https:\/\/cedric-u.com\/wp-content\/uploads\/2026\/03\/HC7H7471-768x512.jpg 768w, https:\/\/cedric-u.com\/wp-content\/uploads\/2026\/03\/HC7H7471-1536x1024.jpg 1536w, https:\/\/cedric-u.com\/wp-content\/uploads\/2026\/03\/HC7H7471-2048x1365.jpg 2048w\" sizes=\"auto, (max-width: 1024px) 100vw, 1024px\" \/><span aria-hidden=\"true\" class=\"wp-block-cover__background has-background-dim-0 has-background-dim\" style=\"background-color:#82707c\"><\/span><div class=\"wp-block-cover__inner-container is-layout-constrained wp-block-cover-is-layout-constrained\">\n<p class=\"has-text-align-left has-medium-font-size\"><strong>Les avantages de la photographie d\u2019architecture &#8230;<\/strong><\/p>\n<\/div><\/div>\n<\/div>\n\n\n\n<div class=\"wp-block-column is-layout-flow wp-block-column-is-layout-flow\">\n<p style=\"font-size:26px\"><strong>Avantages cl\u00e9s :<\/strong><\/p>\n\n\n\n<ul class=\"wp-block-list\">\n<li><strong><strong><strong>Lecture claire des volumes<\/strong><\/strong><\/strong>&nbsp;: Permet de comprendre l\u2019implantation, les lignes et la relation du b\u00e2timent avec son environnement.<\/li>\n\n\n\n<li><strong><strong><strong>Angles pr\u00e9cis et valorisation des espaces<\/strong><\/strong><\/strong>&nbsp;: Des cadrages \u00e9tudi\u00e9s pour r\u00e9v\u00e9ler l\u2019architecture et les intentions du projet.<\/li>\n\n\n\n<li><strong>Images puissantes pour la communication<\/strong> : Id\u00e9al pour promouvoir un projet immobilier, architectural ou institutionnel.<\/li>\n\n\n\n<li><strong><strong>Base parfaite pour la CGI<\/strong><\/strong>&nbsp;: Les images peuvent servir de support pour int\u00e9grer des projets 3D dans leur environnement r\u00e9el.<\/li>\n<\/ul>\n<\/div>\n<\/div>\n\n\n\n<h1 class=\"wp-block-heading\" style=\"font-size:51px\"><strong>Visualisation architecturale<\/strong><\/h1>\n\n\n\n<p>Et si vos plans devenaient des images r\u00e9alistes ?<\/p>\n\n\n\n<p>Gr\u00e2ce \u00e0 la&nbsp;<strong>CGI et \u00e0 la visualisation 3D<\/strong>, les mod\u00e8les architecturaux peuvent \u00eatre transform\u00e9s en images photor\u00e9alistes permettant de pr\u00e9senter un projet avec pr\u00e9cision, atmosph\u00e8re et mise en situation.<\/p>\n\n\n\n<p>Cette approche permet de communiquer clairement une intention architecturale avant m\u00eame la construction.<\/p>\n\n\n\n<p>Chaque image est con\u00e7ue pour r\u00e9v\u00e9ler&nbsp;<strong>les mat\u00e9riaux, la lumi\u00e8re et l\u2019atmosph\u00e8re d\u2019un projet<\/strong>.<\/p>\n\n\n\n<p>Cette combinaison entre&nbsp;<strong>photographie r\u00e9elle et rendu 3D<\/strong>&nbsp;offre une grande flexibilit\u00e9 cr\u00e9ative pour pr\u00e9senter une architecture dans les meilleures conditions, que ce soit pour la communication, la promotion ou la pr\u00e9sentation d\u2019un projet.<\/p>\n\n\n\n<div class=\"wp-block-cover is-light has-custom-content-position is-position-bottom-left has-color-3-color has-text-color has-link-color wp-elements-90c7698a150a73c7902852299a877be9\" style=\"border-top-left-radius:20px;border-top-right-radius:20px;border-bottom-left-radius:20px;border-bottom-right-radius:20px;min-height:634px;aspect-ratio:unset;\"><img loading=\"lazy\" decoding=\"async\" width=\"1024\" height=\"683\" class=\"wp-block-cover__image-background wp-image-1171 size-large\" alt=\"\" src=\"http:\/\/cedric-u.com\/wp-content\/uploads\/2026\/03\/Arlington-005310-1024x683.jpg\" style=\"object-position:52% 28%\" data-object-fit=\"cover\" data-object-position=\"52% 28%\" srcset=\"https:\/\/cedric-u.com\/wp-content\/uploads\/2026\/03\/Arlington-005310-1024x683.jpg 1024w, https:\/\/cedric-u.com\/wp-content\/uploads\/2026\/03\/Arlington-005310-300x200.jpg 300w, https:\/\/cedric-u.com\/wp-content\/uploads\/2026\/03\/Arlington-005310-768x512.jpg 768w, https:\/\/cedric-u.com\/wp-content\/uploads\/2026\/03\/Arlington-005310-1536x1024.jpg 1536w, https:\/\/cedric-u.com\/wp-content\/uploads\/2026\/03\/Arlington-005310-2048x1365.jpg 2048w\" sizes=\"auto, (max-width: 1024px) 100vw, 1024px\" \/><span aria-hidden=\"true\" class=\"wp-block-cover__background has-background-dim-0 has-background-dim\" style=\"background-color:#979f9c\"><\/span><div class=\"wp-block-cover__inner-container is-layout-constrained wp-block-cover-is-layout-constrained\">\n<p class=\"has-text-align-left has-medium-font-size\"><em><strong>Rendu Final<\/strong><\/em><\/p>\n<\/div><\/div>\n\n\n\n<div class=\"wp-block-cover is-light has-custom-content-position is-position-bottom-left has-color-3-color has-text-color has-link-color wp-elements-d451bfa2437a91dd61d0b5cb48cddf3d\" style=\"border-top-left-radius:20px;border-top-right-radius:20px;border-bottom-left-radius:20px;border-bottom-right-radius:20px;min-height:634px;aspect-ratio:unset;\"><img loading=\"lazy\" decoding=\"async\" width=\"1024\" height=\"687\" class=\"wp-block-cover__image-background wp-image-1191 size-large\" alt=\"\" src=\"https:\/\/cedric-u.com\/wp-content\/uploads\/2026\/03\/Arlington-005310-clay-1024x687.jpg\" data-object-fit=\"cover\" srcset=\"https:\/\/cedric-u.com\/wp-content\/uploads\/2026\/03\/Arlington-005310-clay-1024x687.jpg 1024w, https:\/\/cedric-u.com\/wp-content\/uploads\/2026\/03\/Arlington-005310-clay-300x201.jpg 300w, https:\/\/cedric-u.com\/wp-content\/uploads\/2026\/03\/Arlington-005310-clay-768x515.jpg 768w, https:\/\/cedric-u.com\/wp-content\/uploads\/2026\/03\/Arlington-005310-clay-1536x1030.jpg 1536w, https:\/\/cedric-u.com\/wp-content\/uploads\/2026\/03\/Arlington-005310-clay-2048x1373.jpg 2048w\" sizes=\"auto, (max-width: 1024px) 100vw, 1024px\" \/><span aria-hidden=\"true\" class=\"wp-block-cover__background has-background-dim-0 has-background-dim\" style=\"background-color:#d6d8db\"><\/span><div class=\"wp-block-cover__inner-container is-layout-constrained wp-block-cover-is-layout-constrained\">\n<p class=\"has-text-align-left has-medium-font-size\"><em><strong>Wireframe render<\/strong><\/em><\/p>\n<\/div><\/div>\n\n\n\n<div class=\"wp-block-cover is-light has-custom-content-position is-position-top-left\" style=\"border-top-left-radius:20px;border-top-right-radius:20px;border-bottom-left-radius:20px;border-bottom-right-radius:20px;min-height:602px;aspect-ratio:unset;\"><img loading=\"lazy\" decoding=\"async\" width=\"1024\" height=\"670\" class=\"wp-block-cover__image-background wp-image-1173 size-large\" alt=\"\" src=\"http:\/\/cedric-u.com\/wp-content\/uploads\/2026\/03\/Arlington-005315ok-1024x670.jpg\" data-object-fit=\"cover\" srcset=\"https:\/\/cedric-u.com\/wp-content\/uploads\/2026\/03\/Arlington-005315ok-1024x670.jpg 1024w, https:\/\/cedric-u.com\/wp-content\/uploads\/2026\/03\/Arlington-005315ok-300x196.jpg 300w, https:\/\/cedric-u.com\/wp-content\/uploads\/2026\/03\/Arlington-005315ok-768x502.jpg 768w, https:\/\/cedric-u.com\/wp-content\/uploads\/2026\/03\/Arlington-005315ok-1536x1005.jpg 1536w, https:\/\/cedric-u.com\/wp-content\/uploads\/2026\/03\/Arlington-005315ok-2048x1340.jpg 2048w\" sizes=\"auto, (max-width: 1024px) 100vw, 1024px\" \/><span aria-hidden=\"true\" class=\"wp-block-cover__background has-background-dim-0 has-background-dim\" style=\"background-color:#9ca8a6\"><\/span><div class=\"wp-block-cover__inner-container is-layout-constrained wp-block-cover-is-layout-constrained\">\n<p class=\"has-text-align-center has-large-font-size\"><\/p>\n<\/div><\/div>\n\n\n\n<h2 class=\"wp-block-heading\" style=\"font-size:59px\"><strong>Quand la lumi\u00e8re illumine \u2026<\/strong><\/h2>\n\n\n\n<p>Quand la lumi\u00e8re illumine l\u2019architecture, elle r\u00e9v\u00e8le bien plus que des formes.<\/p>\n\n\n\n<p>Elle met en valeur les volumes, souligne les mati\u00e8res et donne toute son atmosph\u00e8re au projet imagin\u00e9 par l\u2019architecte. Chaque rayon, chaque ombre participe \u00e0 raconter l\u2019espace et \u00e0 traduire l\u2019intention du lieu. \u00c0 travers l\u2019image, la lumi\u00e8re devient un \u00e9l\u00e9ment essentiel qui permet de ressentir pleinement l\u2019architecture et l\u2019ambiance qu\u2019elle cr\u00e9e.<\/p>\n\n\n\n<figure class=\"wp-block-image has-custom-border\"><img decoding=\"async\" src=\"https:\/\/cedric-u.com\/wp-content\/uploads\/2026\/03\/HC7H7352-edited-aspect-ratio-2496-895.jpg\" alt=\"\" style=\"border-top-left-radius:20px;border-top-right-radius:20px;border-bottom-left-radius:20px;border-bottom-right-radius:20px\" title=\"HC7H7352-edited-aspect-ratio-2496-895\"\/><\/figure>\n\n\n\n<div class=\"wp-block-columns is-layout-flex wp-container-core-columns-is-layout-28f84493 wp-block-columns-is-layout-flex\">\n<div class=\"wp-block-column is-layout-flow wp-block-column-is-layout-flow\">\n<figure class=\"wp-block-image has-custom-border\"><img loading=\"lazy\" decoding=\"async\" width=\"1665\" height=\"1664\" src=\"https:\/\/cedric-u.com\/wp-content\/uploads\/2026\/03\/HC7H7440-edited.jpg\" alt=\"\" class=\"wp-image-1193\" style=\"border-top-left-radius:20px;border-top-right-radius:20px;border-bottom-left-radius:20px;border-bottom-right-radius:20px\" srcset=\"https:\/\/cedric-u.com\/wp-content\/uploads\/2026\/03\/HC7H7440-edited.jpg 1665w, https:\/\/cedric-u.com\/wp-content\/uploads\/2026\/03\/HC7H7440-edited-300x300.jpg 300w, https:\/\/cedric-u.com\/wp-content\/uploads\/2026\/03\/HC7H7440-edited-1024x1024.jpg 1024w, https:\/\/cedric-u.com\/wp-content\/uploads\/2026\/03\/HC7H7440-edited-150x150.jpg 150w, https:\/\/cedric-u.com\/wp-content\/uploads\/2026\/03\/HC7H7440-edited-768x768.jpg 768w, https:\/\/cedric-u.com\/wp-content\/uploads\/2026\/03\/HC7H7440-edited-1536x1536.jpg 1536w\" sizes=\"auto, (max-width: 1665px) 100vw, 1665px\" \/><\/figure>\n<\/div>\n\n\n\n<div class=\"wp-block-column is-layout-flow wp-block-column-is-layout-flow\">\n<figure class=\"wp-block-image has-custom-border\"><img loading=\"lazy\" decoding=\"async\" width=\"1665\" height=\"1664\" src=\"https:\/\/cedric-u.com\/wp-content\/uploads\/2026\/03\/HC7H7396-edited.jpg\" alt=\"\" class=\"wp-image-1194\" style=\"border-top-left-radius:20px;border-top-right-radius:20px;border-bottom-left-radius:20px;border-bottom-right-radius:20px\" srcset=\"https:\/\/cedric-u.com\/wp-content\/uploads\/2026\/03\/HC7H7396-edited.jpg 1665w, https:\/\/cedric-u.com\/wp-content\/uploads\/2026\/03\/HC7H7396-edited-300x300.jpg 300w, https:\/\/cedric-u.com\/wp-content\/uploads\/2026\/03\/HC7H7396-edited-1024x1024.jpg 1024w, https:\/\/cedric-u.com\/wp-content\/uploads\/2026\/03\/HC7H7396-edited-150x150.jpg 150w, https:\/\/cedric-u.com\/wp-content\/uploads\/2026\/03\/HC7H7396-edited-768x768.jpg 768w, https:\/\/cedric-u.com\/wp-content\/uploads\/2026\/03\/HC7H7396-edited-1536x1536.jpg 1536w\" sizes=\"auto, (max-width: 1665px) 100vw, 1665px\" \/><\/figure>\n<\/div>\n<\/div>\n\n\n\n<figure class=\"wp-block-image size-large has-custom-border is-style-default\" style=\"margin-top:var(--wp--preset--spacing--20);margin-bottom:var(--wp--preset--spacing--20)\"><img loading=\"lazy\" decoding=\"async\" width=\"1994\" height=\"1122\" src=\"https:\/\/cedric-u.com\/wp-content\/uploads\/2026\/03\/archi20-edited.jpg\" alt=\"\" class=\"wp-image-1192\" style=\"border-top-left-radius:21px;border-top-right-radius:21px;border-bottom-left-radius:21px;border-bottom-right-radius:21px\" srcset=\"https:\/\/cedric-u.com\/wp-content\/uploads\/2026\/03\/archi20-edited.jpg 1994w, https:\/\/cedric-u.com\/wp-content\/uploads\/2026\/03\/archi20-edited-300x169.jpg 300w, https:\/\/cedric-u.com\/wp-content\/uploads\/2026\/03\/archi20-edited-1024x576.jpg 1024w, https:\/\/cedric-u.com\/wp-content\/uploads\/2026\/03\/archi20-edited-768x432.jpg 768w, https:\/\/cedric-u.com\/wp-content\/uploads\/2026\/03\/archi20-edited-1536x864.jpg 1536w\" sizes=\"auto, (max-width: 1994px) 100vw, 1994px\" \/><\/figure>\n\n\n\n<h2 class=\"wp-block-heading\" style=\"font-size:59px\">Espace et Atmosph\u00e8re<\/h2>\n\n\n\n<p>Au-del\u00e0 de l\u2019architecture elle-m\u00eame, chaque lieu poss\u00e8de une ambiance qui lui est propre.<\/p>\n\n\n\n<p>Int\u00e9rieurs, ext\u00e9rieurs, d\u00e9tails ou vues d\u2019ensemble : ces images capturent la relation entre les volumes, la lumi\u00e8re et les usages d\u2019un espace. Elles permettent de r\u00e9v\u00e9ler l\u2019atmosph\u00e8re d\u2019un lieu et de traduire l\u2019exp\u00e9rience que l\u2019on en fait.<\/p>\n\n\n\n<div class=\"wp-block-columns is-layout-flex wp-container-core-columns-is-layout-28f84493 wp-block-columns-is-layout-flex\">\n<div class=\"wp-block-column is-layout-flow wp-block-column-is-layout-flow\">\n<div class=\"wp-block-cover is-light has-custom-content-position is-position-top-left\" style=\"border-top-left-radius:20px;border-top-right-radius:20px;border-bottom-left-radius:20px;border-bottom-right-radius:20px\"><img loading=\"lazy\" decoding=\"async\" width=\"1993\" height=\"1325\" class=\"wp-block-cover__image-background wp-image-1167 size-full\" alt=\"\" src=\"http:\/\/cedric-u.com\/wp-content\/uploads\/2026\/03\/archi19.jpg\" style=\"object-position:73% 50%\" data-object-fit=\"cover\" data-object-position=\"73% 50%\" srcset=\"https:\/\/cedric-u.com\/wp-content\/uploads\/2026\/03\/archi19.jpg 1993w, https:\/\/cedric-u.com\/wp-content\/uploads\/2026\/03\/archi19-300x199.jpg 300w, https:\/\/cedric-u.com\/wp-content\/uploads\/2026\/03\/archi19-1024x681.jpg 1024w, https:\/\/cedric-u.com\/wp-content\/uploads\/2026\/03\/archi19-768x511.jpg 768w, https:\/\/cedric-u.com\/wp-content\/uploads\/2026\/03\/archi19-1536x1021.jpg 1536w\" sizes=\"auto, (max-width: 1993px) 100vw, 1993px\" \/><span aria-hidden=\"true\" class=\"wp-block-cover__background has-background-dim-0 has-background-dim\" style=\"background-color:#a5a6a9\"><\/span><div class=\"wp-block-cover__inner-container is-layout-constrained wp-block-cover-is-layout-constrained\">\n<p class=\"has-text-align-center has-large-font-size\"><\/p>\n<\/div><\/div>\n<\/div>\n\n\n\n<div class=\"wp-block-column is-layout-flow wp-block-column-is-layout-flow\">\n<div class=\"wp-block-cover is-light has-custom-content-position is-position-top-left\" style=\"border-top-left-radius:20px;border-top-right-radius:20px;border-bottom-left-radius:20px;border-bottom-right-radius:20px;min-height:429px;aspect-ratio:unset;\"><img loading=\"lazy\" decoding=\"async\" width=\"1992\" height=\"1325\" class=\"wp-block-cover__image-background wp-image-1166 size-full\" alt=\"\" src=\"http:\/\/cedric-u.com\/wp-content\/uploads\/2026\/03\/archi17.jpg\" data-object-fit=\"cover\" srcset=\"https:\/\/cedric-u.com\/wp-content\/uploads\/2026\/03\/archi17.jpg 1992w, https:\/\/cedric-u.com\/wp-content\/uploads\/2026\/03\/archi17-300x200.jpg 300w, https:\/\/cedric-u.com\/wp-content\/uploads\/2026\/03\/archi17-1024x681.jpg 1024w, https:\/\/cedric-u.com\/wp-content\/uploads\/2026\/03\/archi17-768x511.jpg 768w, https:\/\/cedric-u.com\/wp-content\/uploads\/2026\/03\/archi17-1536x1022.jpg 1536w\" sizes=\"auto, (max-width: 1992px) 100vw, 1992px\" \/><span aria-hidden=\"true\" class=\"wp-block-cover__background has-background-dim-0 has-background-dim\" style=\"background-color:#c1837d\"><\/span><div class=\"wp-block-cover__inner-container is-layout-constrained wp-block-cover-is-layout-constrained\">\n<p class=\"has-text-align-center has-large-font-size\"><\/p>\n<\/div><\/div>\n<\/div>\n<\/div>\n\n\n\n<div class=\"wp-block-columns is-layout-flex wp-container-core-columns-is-layout-28f84493 wp-block-columns-is-layout-flex\">\n<div class=\"wp-block-column is-layout-flow wp-block-column-is-layout-flow\">\n<div class=\"wp-block-cover is-light has-custom-content-position is-position-top-left\" style=\"border-top-left-radius:20px;border-top-right-radius:20px;border-bottom-left-radius:20px;border-bottom-right-radius:20px;min-height:522px;aspect-ratio:unset;\"><img loading=\"lazy\" decoding=\"async\" width=\"2496\" height=\"1664\" class=\"wp-block-cover__image-background wp-image-1170 size-full\" alt=\"\" src=\"http:\/\/cedric-u.com\/wp-content\/uploads\/2026\/03\/Arlington-005306.jpg\" data-object-fit=\"cover\" srcset=\"https:\/\/cedric-u.com\/wp-content\/uploads\/2026\/03\/Arlington-005306.jpg 2496w, https:\/\/cedric-u.com\/wp-content\/uploads\/2026\/03\/Arlington-005306-300x200.jpg 300w, https:\/\/cedric-u.com\/wp-content\/uploads\/2026\/03\/Arlington-005306-1024x683.jpg 1024w, https:\/\/cedric-u.com\/wp-content\/uploads\/2026\/03\/Arlington-005306-768x512.jpg 768w, https:\/\/cedric-u.com\/wp-content\/uploads\/2026\/03\/Arlington-005306-1536x1024.jpg 1536w, https:\/\/cedric-u.com\/wp-content\/uploads\/2026\/03\/Arlington-005306-2048x1365.jpg 2048w\" sizes=\"auto, (max-width: 2496px) 100vw, 2496px\" \/><span aria-hidden=\"true\" class=\"wp-block-cover__background has-background-dim-0 has-background-dim\" style=\"background-color:#a2a7a5\"><\/span><div class=\"wp-block-cover__inner-container is-layout-constrained wp-block-cover-is-layout-constrained\">\n<p class=\"has-text-align-center has-large-font-size\"><\/p>\n<\/div><\/div>\n<\/div>\n\n\n\n<div class=\"wp-block-column is-layout-flow wp-block-column-is-layout-flow\">\n<div class=\"wp-block-cover is-light has-custom-content-position is-position-top-left\" style=\"border-top-left-radius:20px;border-top-right-radius:20px;border-bottom-left-radius:20px;border-bottom-right-radius:20px;min-height:522px;aspect-ratio:unset;\"><img loading=\"lazy\" decoding=\"async\" width=\"1108\" height=\"1664\" class=\"wp-block-cover__image-background wp-image-1169 size-full\" alt=\"\" src=\"http:\/\/cedric-u.com\/wp-content\/uploads\/2026\/03\/Arlington-005269.jpg\" data-object-fit=\"cover\" srcset=\"https:\/\/cedric-u.com\/wp-content\/uploads\/2026\/03\/Arlington-005269.jpg 1108w, https:\/\/cedric-u.com\/wp-content\/uploads\/2026\/03\/Arlington-005269-200x300.jpg 200w, https:\/\/cedric-u.com\/wp-content\/uploads\/2026\/03\/Arlington-005269-682x1024.jpg 682w, https:\/\/cedric-u.com\/wp-content\/uploads\/2026\/03\/Arlington-005269-768x1153.jpg 768w, https:\/\/cedric-u.com\/wp-content\/uploads\/2026\/03\/Arlington-005269-1023x1536.jpg 1023w\" sizes=\"auto, (max-width: 1108px) 100vw, 1108px\" \/><span aria-hidden=\"true\" class=\"wp-block-cover__background has-background-dim-0 has-background-dim\" style=\"background-color:#b2b4b6\"><\/span><div class=\"wp-block-cover__inner-container is-layout-constrained wp-block-cover-is-layout-constrained\">\n<p class=\"has-text-align-center has-large-font-size\"><\/p>\n<\/div><\/div>\n<\/div>\n<\/div>\n","protected":false},"excerpt":{"rendered":"<p>Le regard architectural La photographie d\u2019architecture permet de r\u00e9v\u00e9ler un lieu, un b\u00e2timent ou un projet avec pr\u00e9cision et intention. \u00c0 travers la lumi\u00e8re, les lignes et les volumes, chaque image met en valeur l\u2019identit\u00e9 d\u2019un espace et son int\u00e9gration dans son environnement. Associ\u00e9 \u00e0 mon travail de photographe et d\u2019artiste 3D, ce regard permet&hellip;<\/p>\n","protected":false},"author":2,"featured_media":0,"parent":1053,"menu_order":0,"comment_status":"closed","ping_status":"closed","template":"","meta":{"_acf_changed":false,"footnotes":""},"class_list":["post-1161","page","type-page","status-publish","hentry"],"acf":[],"_links":{"self":[{"href":"https:\/\/cedric-u.com\/index.php\/wp-json\/wp\/v2\/pages\/1161","targetHints":{"allow":["GET"]}}],"collection":[{"href":"https:\/\/cedric-u.com\/index.php\/wp-json\/wp\/v2\/pages"}],"about":[{"href":"https:\/\/cedric-u.com\/index.php\/wp-json\/wp\/v2\/types\/page"}],"author":[{"embeddable":true,"href":"https:\/\/cedric-u.com\/index.php\/wp-json\/wp\/v2\/users\/2"}],"replies":[{"embeddable":true,"href":"https:\/\/cedric-u.com\/index.php\/wp-json\/wp\/v2\/comments?post=1161"}],"version-history":[{"count":5,"href":"https:\/\/cedric-u.com\/index.php\/wp-json\/wp\/v2\/pages\/1161\/revisions"}],"predecessor-version":[{"id":1489,"href":"https:\/\/cedric-u.com\/index.php\/wp-json\/wp\/v2\/pages\/1161\/revisions\/1489"}],"up":[{"embeddable":true,"href":"https:\/\/cedric-u.com\/index.php\/wp-json\/wp\/v2\/pages\/1053"}],"wp:attachment":[{"href":"https:\/\/cedric-u.com\/index.php\/wp-json\/wp\/v2\/media?parent=1161"}],"curies":[{"name":"wp","href":"https:\/\/api.w.org\/{rel}","templated":true}]}}