{"id":2,"date":"2026-02-03T11:30:27","date_gmt":"2026-02-03T11:30:27","guid":{"rendered":"http:\/\/cedric-u.com\/?page_id=2"},"modified":"2026-02-08T23:24:51","modified_gmt":"2026-02-08T23:24:51","slug":"sample-page","status":"publish","type":"page","link":"https:\/\/cedric-u.com\/index.php\/sample-page\/","title":{"rendered":"Contact"},"content":{"rendered":"\n<div class=\"wp-block-media-text is-stacked-on-mobile\"><figure class=\"wp-block-media-text__media\"><img loading=\"lazy\" decoding=\"async\" width=\"825\" height=\"1024\" src=\"https:\/\/cedric-u.com\/wp-content\/uploads\/2026\/02\/moi-2026-825x1024.jpg\" alt=\"\" class=\"wp-image-310 size-full\" srcset=\"https:\/\/cedric-u.com\/wp-content\/uploads\/2026\/02\/moi-2026-825x1024.jpg 825w, https:\/\/cedric-u.com\/wp-content\/uploads\/2026\/02\/moi-2026-242x300.jpg 242w, https:\/\/cedric-u.com\/wp-content\/uploads\/2026\/02\/moi-2026-768x953.jpg 768w, https:\/\/cedric-u.com\/wp-content\/uploads\/2026\/02\/moi-2026-1237x1536.jpg 1237w, https:\/\/cedric-u.com\/wp-content\/uploads\/2026\/02\/moi-2026-1650x2048.jpg 1650w\" sizes=\"auto, (max-width: 825px) 100vw, 825px\" \/><\/figure><div class=\"wp-block-media-text__content\">\n<h6 class=\"wp-block-heading has-text-align-center\">Cedric Uebersax Photgraphe et CG Artiste<\/h6>\n\n\n\n<blockquote class=\"wp-block-quote is-style-default is-layout-flow wp-block-quote-is-layout-flow\" style=\"font-style:normal;font-weight:200\">\n<div style=\"height:36px\" aria-hidden=\"true\" class=\"wp-block-spacer\"><\/div>\n\n\n\n<p><em><strong>CG artiste sp\u00e9cialis\u00e9 dans l\u2019automobile, photographe et retoucheur dans le domaine de la publicit\u00e9 depuis plus de 25 ans<\/strong>, je collabore avec de nombreux acteurs nationaux et internationaux, tels que Chevrolet, Mazda, Peugeot, Citro\u00ebn, Elis, Publicis, Grenade &amp; Sparks, Ogilvy\u2026<\/em><\/p>\n\n\n\n<p><em>Mon expertise couvre l\u2019ensemble de la cha\u00eene de cr\u00e9ation d\u2019image : de la photographie \u00e0 la retouche avanc\u00e9e, jusqu\u2019\u00e0 la cr\u00e9ation d\u2019images en 3D. Cette double culture photo et CGI me permet d\u2019apporter une vision globale et coh\u00e9rente \u00e0 chaque projet, en pla\u00e7ant la technique au service de l\u2019intention cr\u00e9ative.<\/em><\/p>\n\n\n\n<p><em>Sp\u00e9cialis\u00e9 dans la publicit\u00e9 automobile, je porte une attention particuli\u00e8re au r\u00e9alisme des mati\u00e8res, des lumi\u00e8res, des reflets et des proportions, afin de produire des images cr\u00e9dibles, \u00e9l\u00e9gantes et impactantes.<strong>J\u2019int\u00e8gre \u00e9galement l\u2019intelligence artificielle comme outil de cr\u00e9ation et d\u2019optimisation dans mon workflow<\/strong>, et je suis de pr\u00e8s l\u2019\u00e9volution de ces technologies afin d\u2019en exploiter le potentiel de mani\u00e8re pertinente et ma\u00eetris\u00e9e.<\/em><\/p>\n\n\n\n<p><em>Mon int\u00e9r\u00eat constant pour les innovations technologiques me permet d\u2019accompagner mes clients avec des visuels contemporains, pr\u00e9cis et adapt\u00e9s aux exigences actuelles de la communication.<\/em><\/p>\n<\/blockquote>\n<\/div><\/div>\n\n\n\n<p>Tel : 06 12 66 64 85 \u2022 E-mail : <a href=\"mailto:cedric@cedric-u.com\">cedric@cedric-u.com<\/a> \u2022 13 route de Lyons, 27480 Beauficel-en-Lyons France<\/p>\n\n\n\n<p><\/p>\n","protected":false},"excerpt":{"rendered":"<p>Tel : 06 12 66 64 85 \u2022 E-mail : cedric@cedric-u.com \u2022 13 route de Lyons, 27480 Beauficel-en-Lyons France<\/p>\n","protected":false},"author":1,"featured_media":0,"parent":0,"menu_order":0,"comment_status":"closed","ping_status":"open","template":"","meta":{"_acf_changed":false,"footnotes":""},"class_list":["post-2","page","type-page","status-publish","hentry"],"acf":[],"_links":{"self":[{"href":"https:\/\/cedric-u.com\/index.php\/wp-json\/wp\/v2\/pages\/2","targetHints":{"allow":["GET"]}}],"collection":[{"href":"https:\/\/cedric-u.com\/index.php\/wp-json\/wp\/v2\/pages"}],"about":[{"href":"https:\/\/cedric-u.com\/index.php\/wp-json\/wp\/v2\/types\/page"}],"author":[{"embeddable":true,"href":"https:\/\/cedric-u.com\/index.php\/wp-json\/wp\/v2\/users\/1"}],"replies":[{"embeddable":true,"href":"https:\/\/cedric-u.com\/index.php\/wp-json\/wp\/v2\/comments?post=2"}],"version-history":[{"count":4,"href":"https:\/\/cedric-u.com\/index.php\/wp-json\/wp\/v2\/pages\/2\/revisions"}],"predecessor-version":[{"id":840,"href":"https:\/\/cedric-u.com\/index.php\/wp-json\/wp\/v2\/pages\/2\/revisions\/840"}],"wp:attachment":[{"href":"https:\/\/cedric-u.com\/index.php\/wp-json\/wp\/v2\/media?parent=2"}],"curies":[{"name":"wp","href":"https:\/\/api.w.org\/{rel}","templated":true}]}}